{"id":103,"date":"2023-10-18T11:13:19","date_gmt":"2023-10-18T09:13:19","guid":{"rendered":"http:\/\/ceza.localhost\/?page_id=103"},"modified":"2024-03-25T12:24:42","modified_gmt":"2024-03-25T11:24:42","slug":"general-terms-and-conditions","status":"publish","type":"page","link":"https:\/\/ceza.de\/english\/general-terms-and-conditions","title":{"rendered":"General Terms and Conditions"},"content":{"rendered":"\n<p>of Curt-Engelhorn-Zentrum Arch\u00e4ometrie gGmbH, D 6, 3 68159 Mannheim<\/p>\n\n\n\n<h2 class=\"wp-block-heading\">1. Scope of validity<\/h2>\n\n\n\n<p>Diese Allgemeinen Gesch\u00e4ftsbedingungen (im Folgenden AGB) sind Bestandteil und Grundlage jedes zwischen der CurtEngelhorn-Zentrum Arch\u00e4ometrie gGmbH und deren Auftraggeber bestehenden Vertrages sowie jedes au\u00dfervertraglichen Rechtsverh\u00e4ltnisses.<\/p>\n\n\n\n<p>Abweichende oder entgegenstehende Gesch\u00e4ftsbedingungen unserer Auftraggeber, werden von uns nicht anerkannt bzw. akzeptiert. Wir widersprechen solchen Bedingungen hiermit ausdr\u00fccklich. Solche AGB werden auch nicht stillschweigend anerkannt bzw. Vertragsbestandteil.<\/p>\n\n\n\n<h2 class=\"wp-block-heading\">2. Offers and conclusion of contract<\/h2>\n\n\n\n<p>Unsere Angebote einschlie\u00dflich derjenigen auf unserer Webseite im Internet sind freibleibend und unverbindlich, sie stellen kein annahmef\u00e4higes Angebot von unserer Seite dar. Vertr\u00e4ge mit uns bed\u00fcrfen der Schriftform. Eingehende Auftr\u00e4ge binden uns nicht und werden erst mit unserer ausdr\u00fccklichen schriftlichen Auftragsbest\u00e4tigung wirksam.<\/p>\n\n\n\n<h2 class=\"wp-block-heading\">3. Payment<\/h2>\n\n\n\n<p>Sofern nichts anderes vereinbart ist, richtet sich unsere Verg\u00fctung nach unserer aktuellen Preisliste. Die angegebenen Preise sind Nettopreise zuz\u00fcglich eventuell anfallender gesetzlicher Mehrwertsteuer. Wir behalten uns vor, Vorkasse zu erheben. Sonderuntersuchungen, die in unserer Preisliste nicht enthalten sind, f\u00fchren wir nur nach Anfrage und vorheriger schriftlicher Preisabsprache durch.<\/p>\n\n\n\n<p>Wir sind berechtigt, Zuschl\u00e4ge f\u00fcr Eilauftr\u00e4ge sowie mit dem Auftraggeber vereinbarte besondere Aufwendungen (z.B. Wochenend- und Feiertagsuntersuchungen) zu berechnen.<\/p>\n\n\n\n<p>Unsere Preiskalkulation beruht auf einer Anlieferung der Exponate nach Mannheim durch den Auftraggeber, auf dessen Kosten und Gefahr. Probeentnahmen au\u00dferhalb unseres Instituts, werden nur nach vorheriger schriftlicher Preisabsprache durchgef\u00fchrt.<\/p>\n\n\n\n<h2 class=\"wp-block-heading\">4. Gegenstand des Auftrages und Leistungsumfang<\/h2>\n\n\n\n<p>Die Definition des Untersuchungszieles sowie die Art der gew\u00fcnschten Untersuchung und die zu berechnenden Kosten ergeben sich aus dem von beiden Seiten unterzeichneten Vertrag. Liegt ein solcher nicht vor, z. B. bei Vertragsanbahnung durch e-mails, dann aus unserer schriftlichen Auftragsbest\u00e4tigung. \u00c4nderungen oder Erg\u00e4nzungen des vereinbarten Leistungsumfanges bed\u00fcrfen der Schriftform.<br>Aus dem Vertrag bzw. unserer Auftragsbest\u00e4tigung entstehen ausschlie\u00dflich wechselseitige Anspr\u00fcche zwischen uns und unserem Auftraggeber und nicht auch zugunsten dritter Personen oder Unternehmen. Der Auftraggeber erkl\u00e4rt, \u00fcber den zu untersuchenden Gegenstand verf\u00fcgungsberechtigt zu sein, insbesondere uns den Auftrag zur Untersuchung und zur Entnahme einer Probe erteilen zu k\u00f6nnen. Mit dem Abschluss des Vertrages bzw. dem Untersuchungsauftrag willigt der Auftraggeber in die Probeentnahme durch uns ein.<\/p>\n\n\n\n<p>Die beauftragten Leistungen werden wir mit wissenschaftlicher Sorgfalt und auf der Grundlage allgemein anerkannter Regeln der Technik durchf\u00fchren. Bei wesentlichen \u00c4nderungen oder Kostensteigerungen werden wir den Auftraggeber unmittelbar schriftlich in Kenntnis setzen.<br>Die Proben werden nach den in dem Vertrag bzw. der Auftragsbest\u00e4tigung festgelegten Untersuchungsmethoden, gegebenenfalls auch nach abweichenden schriftlichen Vorgaben des Auftraggebers untersucht.<\/p>\n\n\n\n<p>Die Ergebnisse der Untersuchung werden f\u00fcr den Auftraggeber in einem Untersuchungsbericht zusammengestellt. Nur unterschriebene Untersuchungsberichte sind rechtsg\u00fcltig. Die fernm\u00fcndliche \u00dcbermittlung von Ergebnissen oder Messwerten wird ausgeschlossen. Das gleiche gilt f\u00fcr die \u00dcbermittlung durch e-mail, es sei denn der Auftraggeber hat auf einer \u00dcbersendung durch e-mail bestanden. Unser Untersuchungsbericht stellt keine Beschaffenheitsgarantie des untersuchten Objektes dar.<\/p>\n\n\n\n<h2 class=\"wp-block-heading\">5. Fristen und Termine<\/h2>\n\n\n\n<p>Alle vertraglich vereinbarten Fristen und Termine beruhen auf Sch\u00e4tzungen des Arbeitsumfangs aufgrund von Mitteilungen des Auftraggebers und sind unverbindlich. Sie sind nur dann verbindlich, wenn sie schriftlich im Vertrag bzw. in unserer Auftragsbest\u00e4tigung ausdr\u00fccklich als verbindlich bezeichnet werden und beginnen erst dann zu laufen, wenn der Auftraggeber alle geschuldeten Mitwirkungshandlungen, insbesondere auch verlangte Zahlungen, erbracht hat. Im Falle der \u00dcberschreitung von Fristen in Folge h\u00f6herer Gewalt sowie im Falle eines Ger\u00e4teausfalls, Streiks, betrieblicher Behinderung, beh\u00f6rdlicher Verf\u00fcgung, Energie- oder Rohstoffmangels sind wir f\u00fcr die Dauer der Behinderung von der Durchf\u00fchrung des Pr\u00fcfungsauftrags befreit. Das Gleiche gilt, wenn uns die Durchf\u00fchrung des Pr\u00fcfungsauftrags aufgrund der Nichtbelieferung oder nicht ordnungsgem\u00e4\u00dfen Belieferung durch unsere Lieferanten unm\u00f6glich ist.<\/p>\n\n\n\n<h2 class=\"wp-block-heading\">6. Mitwirkungshandlungen<\/h2>\n\n\n\n<p>Der Auftraggeber verpflichtet sich, jegliche Mitwirkungshandlung, die ihm nach Sinn und Zweck dieses Vertrages einschlie\u00dflich unserer AGB oder unserer Auftragsbest\u00e4tigung obliegt, unverz\u00fcglich und nach bestem Verm\u00f6gen zu erbringen. Wir sind berechtigt, dem Auftraggeber jeglichen Schaden und Mehraufwand zu berechnen, der daraus entsteht, dass diese Mitwirkungshandlungen nicht oder nicht ordnungsgem\u00e4\u00df oder nicht innerhalb der vereinbarten Frist erbracht wurden.<\/p>\n\n\n\n<h2 class=\"wp-block-heading\">7. Vorzeitige Vertragsbeendigung<\/h2>\n\n\n\n<p>K\u00fcndigt der Auftraggeber den Untersuchungsauftrag vor unserer Untersuchung aus Gr\u00fcnden die wir nicht zu vertreten haben, sind wir berechtigt, das vereinbarte Honorar abz\u00fcglich ersparter Aufwendungen in H\u00f6he von 15% zu berechnen. Ist unsere Untersuchung bereits erfolgt, steht uns das vereinbarte Honorar in vollem Umfang zu.<\/p>\n\n\n\n<p>Ergeben sich Umst\u00e4nde die dazu f\u00fchren, dass wir die Untersuchung, aus Gr\u00fcnden die wir nicht zu vertreten haben, nicht vornehmen k\u00f6nnen, sind wir berechtigt, vom Vertrag zur\u00fcckzutreten und als Schadensersatz das vereinbarte Honorar abz\u00fcglich ersparter Aufwendungen in H\u00f6he von 15% zu berechnen.<\/p>\n\n\n\n<h2 class=\"wp-block-heading\">8. Rechtsverh\u00e4ltnisse an den Proben<\/h2>\n\n\n\n<p>Der Auftraggeber ist damit einverstanden, dass im Rahmen des Untersuchungsauftrags das Eigentum an der Probe auf uns \u00fcbergeht. Proben, die bei der Untersuchung nicht restlos verbraucht wurden, lagern wir zu Beweiszwecken zusammen mit dem Untersuchungsbericht f\u00fcr einen Zeitraum von 10 Jahren kostenlos.<\/p>\n\n\n\n<h2 class=\"wp-block-heading\">9. Urheberrechte, Ver\u00f6ffentlichungen und Vervielf\u00e4ltigungen<\/h2>\n\n\n\n<p>Alle Urheberrechte und Miturheberrechte an unserem gesamten schriftlichen Untersuchungsmaterial sowie an dem Pr\u00fcfungsbericht verbleiben bei uns. Der Auftraggeber darf ihm zur Verf\u00fcgung gestelltes Untersuchungsmaterial sowie den Pr\u00fcfungsbericht nur f\u00fcr den Zweck verwenden, f\u00fcr den sie vereinbarungsgem\u00e4\u00df bestimmt sind.<\/p>\n\n\n\n<p>Jede Weitergabe an Dritte sowie jede Ver\u00f6ffentlichung von Untersuchungsergebnissen (Untersuchungsberichte, Gutachten, u. a.), auch auszugsweise, ist ohne unsere &#8211; im Vorfeld einzuholende &#8211; schriftliche Zustimmung unzul\u00e4ssig. Werden Untersuchungsergebnisse vervielf\u00e4ltigt, so d\u00fcrfen sie nur in geschlossener Form und nicht auszugsweise weitergegeben werden.<\/p>\n\n\n\n<h2 class=\"wp-block-heading\">10. Zahlungsbedingungen<\/h2>\n\n\n\n<p>Wir sind berechtigt, einen Vorschuss zu verlangen und unsere Untersuchungen erst nach Eingang eines verlangten Vorschusses zu beginnen sowie entsprechend der geleisteten Untersuchungen Abschl\u00e4ge zu verlangen. Wir sind berechtigt, jeden in sich abgeschlossenen Teil des Untersuchungsauftrags als Teilleistung zur Abnahme vorzulegen und zu berechnen. Wir sind berechtigt, das Untersuchungsergebnis bzw. den Untersuchungsbericht erst gegen vollst\u00e4ndige Zahlung unserer Vorschussrechnungen zu \u00fcbersenden.<\/p>\n\n\n\n<p>Alle Rechnungen sind ohne Abzug sofort zur Zahlung f\u00e4llig. Kommt der Auftraggeber in Zahlungsverzug, werden Verzugszinsen in H\u00f6he von 8%, f\u00fcr Verbraucher in H\u00f6he von 5% \u00fcber dem aktuellen Basiszinssatz berechnet. Wir sind berechtigt, f\u00fcr jedes Mahnschreiben eine Geb\u00fchr in H\u00f6he von Euro 15,00 zu erheben. Die Geltendmachung weiterer Anspr\u00fcche bleibt vorbehalten. Zahlungen gelten erst an dem Tag als geleistet, an dem wir \u00fcber den Rechnungsbetrag verf\u00fcgen k\u00f6nnen.<\/p>\n\n\n\n<p>Unsere Auftraggeber sind zur Aufrechnung nur berechtigt, soweit ihre Gegenanspr\u00fcche unbestritten oder rechtskr\u00e4ftig festgestellt sind. Zur Geltendmachung von Zur\u00fcckbehaltungsrechten sind unsere Auftraggeber nur aus dem gleichen Vertragsverh\u00e4ltnis berechtigt, aus dem sich unsere Forderung ergibt. \u00a7 369 HGB ist ausgeschlossen.<\/p>\n\n\n\n<h2 class=\"wp-block-heading\">11. Abnahme<\/h2>\n\n\n\n<p>Unsere Auftraggeber sind zur unverz\u00fcglichen Abnahme verpflichtet. Kommen sie dieser Verpflichtung nicht nach, so gilt die Abnahme ein Monat nach \u00dcbermittlung unseres Untersuchungsberichts als erfolgt.<\/p>\n\n\n\n<h2 class=\"wp-block-heading\">12. Einwendungen, R\u00fcgen, Gew\u00e4hrleistung<\/h2>\n\n\n\n<p>Jegliche Beanstandung unserer Untersuchung, des Untersuchungsergebnisses oder der Rechnung wegen offensichtlicher M\u00e4ngel ist uns innerhalb einer Ausschlussfrist von 1 Monat &#8211; zu rechnen ab der \u00dcbersendung des Pr\u00fcfungsberichts &#8211; schriftlich und begr\u00fcndet mitzuteilen.<\/p>\n\n\n\n<h2 class=\"wp-block-heading\">13. Haftung<\/h2>\n\n\n\n<p>Der Transport der zu untersuchenden Exponate durch den Auftraggeber nach Mannheim zwecks der Probeentnahme erfolgt auf Kosten und Gefahr des Auftraggebers. In Ausnahmef\u00e4llen und nur auf den ausdr\u00fccklichen Wunsch des Auftraggebers sind wir bereit, die Exponate bei dem Auftraggeber abzuholen, oder die Probeentnahme am Ort des Auftraggebers durchzuf\u00fchren. Die hiermit verbundenen zus\u00e4tzlichen Kosten f\u00fcr Reise, Transport, Spesen etc. werden gesondert berechnet.<\/p>\n\n\n\n<p>Im Fall der Besch\u00e4digung oder des Untergangs des zu untersuchenden Gegenstands haften wir nur f\u00fcr solche Sch\u00e4den, die durch Vorsatz und grobe Fahrl\u00e4ssigkeit verursacht werden. F\u00fcr F\u00e4lle einfacher Fahrl\u00e4ssigkeit wird &#8211; soweit gesetzlich zul\u00e4ssig &#8211; die Haftung ausgeschlossen. Diese Haftungsbeschr\u00e4nkung gilt in gleicher Weise auch im Falle etwaiger direkter Anspr\u00fcche gegen\u00fcber unseren Mitarbeitern, leitenden Angestellten und gesetzlichen Vertretern sowie aller unserer Erf\u00fcllungs &#8211; und Verrichtungsgehilfen. Unsere Haftung beschr\u00e4nkt sich nach Art und Umfang des Schadens auf den Ersatz solcher Sch\u00e4den, die bei Vertragsschluss f\u00fcr uns erkennbar waren.<\/p>\n\n\n\n<p>Wir \u00fcbernehmen keine Haftung wenn das zu untersuchende Objekt durch unsere Probeentnahme Sch\u00e4den erleidet, oder gar zerst\u00f6rt wird sofern die Entnahme der Probe (z.B. wegen Gefahren f\u00fcr das zu untersuchende Objekt) gegen unsere Empfehlung auf den ausdr\u00fccklichen, schriftlich vereinbarten Wunsch des Auftraggebers erfolgte. Unser Untersuchungsbericht sowie die Messwerte stellen weder eine Beschaffenheitsgarantie des untersuchten Objekts, noch ein Wertgutachten dar. Unsere vertragliche Verpflichtung besteht allein gegen\u00fcber unserem Auftraggeber und bezieht sich ausschlie\u00dflich darauf, ein Analyseergebnis aufgrund einer durch die vereinbarte naturwissenschaftliche Untersuchung zu erhalten. Wir haften nur im Verh\u00e4ltnis zu unserem Auftraggeber und nur f\u00fcr die Richtigkeit der so gewonnenen Ergebnisse und Messwerte und zwar beschr\u00e4nkt auf die jeweils vereinbarte Methode der Untersuchung. Unsere Untersuchung dient weder der Ermittlung eines Verkehrswertes, noch dazu die Grundlage f\u00fcr Verm\u00f6gensdispositionen unseres Auftraggebers zu liefern. Jede Haftung gegen\u00fcber anderen Personen als unseren Vertragspartnern ist ausgeschlossen.<\/p>\n\n\n\n<h2 class=\"wp-block-heading\">14. Sonstiges<\/h2>\n\n\n\n<p>M\u00fcndliche Nebenabreden bed\u00fcrfen zu ihrer Wirksamkeit der schriftlichen Best\u00e4tigung und sind ohne eine solche Best\u00e4tigung unwirksam. Vertrags\u00e4nderungen und Erg\u00e4nzungen, einschlie\u00dflich einer \u00c4nderung dieser Schriftformklausel bed\u00fcrfen zu ihrer Wirksamkeit der Schriftform.<\/p>\n\n\n\n<p>Sollte eine Bestimmung dieser AGB ganz oder teilweise unwirksam sein oder werden, oder sollten diese AGB eine L\u00fccke enthalten, so ber\u00fchrt dies nicht die Wirksamkeit der \u00fcbrigen Bestimmungen. Die unwirksame oder fehlende Bestimmung ist (ganz oder teilweise) durch eine wirksame Vertragsbestimmung zu ersetzen die der wirtschaftlichen Zielsetzung der mit der unwirksamen Vertragsbedingung verfolgten Zielsetzung m\u00f6glichst nahe kommt.<\/p>\n\n\n\n<h2 class=\"wp-block-heading\">15. Rechtswahl, Gerichtsstand und Erf\u00fcllungsort<\/h2>\n\n\n\n<p>Es gilt das Recht der Bundesrepublik Deutschland. F\u00fcr Vertr\u00e4ge mit uns, sowie f\u00fcr jede au\u00dfervertragliche Rechtsbeziehung mit uns gilt ausschlie\u00dflich deutsches Recht.<br>Gerichtsstand und Erf\u00fcllungsort ist Mannheim. Dies gilt auch f\u00fcr Klagen der Curt-Engelhorn-Zentrum Arch\u00e4ometrie gGmbH gegen den Auftraggeber. Dieser willigt mit diesen AGB ausdr\u00fccklich in die Zust\u00e4ndigkeit des Gerichtsortes Mannheim ein.<\/p>\n\n\n\n<h2 class=\"wp-block-heading\">Bankverbindung \/ bank details<\/h2>\n\n\n\n<p>Bank\/bank: BW-Bank Mannheim<br>BLZ\/sort code: 600 501 01<br>Konto\/account: 7496507505<\/p>\n\n\n\n<p>IBAN DE38 6005 0101 7496507505<br>BIC\/SWIFT SOLA DE ST.<\/p>\n\n\n\n<p>Steuernummer\/tax number 38146\/04308<br>Finanzamt Mannheim-Stadt<\/p>\n","protected":false},"excerpt":{"rendered":"<p>of Curt-Engelhorn-Zentrum Arch\u00e4ometrie gGmbH, D 6, 3 68159 Mannheim 1. Scope of validity Diese Allgemeinen Gesch\u00e4ftsbedingungen (im Folgenden AGB) sind\u2026<\/p>\n","protected":false},"author":1,"featured_media":0,"parent":0,"menu_order":1040,"comment_status":"closed","ping_status":"closed","template":"","meta":{"editor_notices":[],"footnotes":""},"class_list":["post-103","page","type-page","status-publish","hentry"],"yoast_head":"<!-- This site is optimized with the Yoast SEO plugin v27.3 - https:\/\/yoast.com\/product\/yoast-seo-wordpress\/ -->\n<title>General Terms and Conditions - CEZA EN<\/title>\n<meta name=\"description\" content=\"The general terms and conditions of Curt-Engelhorn-Zentrum Arch\u00e4ometrie gGmbH, D 6, 3 68159 Mannheim.\" \/>\n<meta name=\"robots\" content=\"index, follow, max-snippet:-1, max-image-preview:large, max-video-preview:-1\" \/>\n<link rel=\"canonical\" href=\"https:\/\/ceza.de\/english\/general-terms-and-conditions\" \/>\n<meta property=\"og:locale\" content=\"en_US\" \/>\n<meta property=\"og:type\" content=\"article\" \/>\n<meta property=\"og:title\" content=\"General Terms and Conditions - CEZA EN\" \/>\n<meta property=\"og:description\" content=\"The general terms and conditions of Curt-Engelhorn-Zentrum Arch\u00e4ometrie gGmbH, D 6, 3 68159 Mannheim.\" \/>\n<meta property=\"og:url\" content=\"https:\/\/ceza.de\/english\/general-terms-and-conditions\" \/>\n<meta property=\"og:site_name\" content=\"CEZA EN\" \/>\n<meta property=\"article:publisher\" content=\"https:\/\/www.facebook.com\/people\/Curt-Engelhorn-Zentrum-Arch%c3%a4ometrie\/100067599853568\/\" \/>\n<meta property=\"article:modified_time\" content=\"2024-03-25T11:24:42+00:00\" \/>\n<meta property=\"og:image\" content=\"https:\/\/ceza.de\/english\/wp-content\/uploads\/sites\/2\/2023\/11\/fallback-ceza-logo.png\" \/>\n\t<meta property=\"og:image:width\" content=\"1200\" \/>\n\t<meta property=\"og:image:height\" content=\"800\" \/>\n\t<meta property=\"og:image:type\" content=\"image\/png\" \/>\n<meta name=\"twitter:card\" content=\"summary_large_image\" \/>\n<script type=\"application\/ld+json\" class=\"yoast-schema-graph\">{\"@context\":\"https:\\\/\\\/schema.org\",\"@graph\":[{\"@type\":\"WebPage\",\"@id\":\"https:\\\/\\\/ceza.de\\\/english\\\/general-terms-and-conditions\",\"url\":\"https:\\\/\\\/ceza.de\\\/english\\\/general-terms-and-conditions\",\"name\":\"General Terms and Conditions - CEZA EN\",\"isPartOf\":{\"@id\":\"https:\\\/\\\/ceza.de\\\/english\\\/#website\"},\"datePublished\":\"2023-10-18T09:13:19+00:00\",\"dateModified\":\"2024-03-25T11:24:42+00:00\",\"description\":\"The general terms and conditions of Curt-Engelhorn-Zentrum Arch\u00e4ometrie gGmbH, D 6, 3 68159 Mannheim.\",\"breadcrumb\":{\"@id\":\"https:\\\/\\\/ceza.de\\\/english\\\/general-terms-and-conditions#breadcrumb\"},\"inLanguage\":\"en-US\",\"potentialAction\":[{\"@type\":\"ReadAction\",\"target\":[\"https:\\\/\\\/ceza.de\\\/english\\\/general-terms-and-conditions\"]}]},{\"@type\":\"BreadcrumbList\",\"@id\":\"https:\\\/\\\/ceza.de\\\/english\\\/general-terms-and-conditions#breadcrumb\",\"itemListElement\":[{\"@type\":\"ListItem\",\"position\":1,\"name\":\"Home\",\"item\":\"https:\\\/\\\/ceza.de\\\/english\\\/\"},{\"@type\":\"ListItem\",\"position\":2,\"name\":\"General Terms and Conditions\"}]},{\"@type\":\"WebSite\",\"@id\":\"https:\\\/\\\/ceza.de\\\/english\\\/#website\",\"url\":\"https:\\\/\\\/ceza.de\\\/english\\\/\",\"name\":\"CEZA EN\",\"description\":\"With science, high-tech &amp; analysis\",\"potentialAction\":[{\"@type\":\"SearchAction\",\"target\":{\"@type\":\"EntryPoint\",\"urlTemplate\":\"https:\\\/\\\/ceza.de\\\/english\\\/?s={search_term_string}\"},\"query-input\":{\"@type\":\"PropertyValueSpecification\",\"valueRequired\":true,\"valueName\":\"search_term_string\"}}],\"inLanguage\":\"en-US\"}]}<\/script>\n<!-- \/ Yoast SEO plugin. -->","yoast_head_json":{"title":"General Terms and Conditions - CEZA EN","description":"The general terms and conditions of Curt-Engelhorn-Zentrum Arch\u00e4ometrie gGmbH, D 6, 3 68159 Mannheim.","robots":{"index":"index","follow":"follow","max-snippet":"max-snippet:-1","max-image-preview":"max-image-preview:large","max-video-preview":"max-video-preview:-1"},"canonical":"https:\/\/ceza.de\/english\/general-terms-and-conditions","og_locale":"en_US","og_type":"article","og_title":"General Terms and Conditions - CEZA EN","og_description":"The general terms and conditions of Curt-Engelhorn-Zentrum Arch\u00e4ometrie gGmbH, D 6, 3 68159 Mannheim.","og_url":"https:\/\/ceza.de\/english\/general-terms-and-conditions","og_site_name":"CEZA EN","article_publisher":"https:\/\/www.facebook.com\/people\/Curt-Engelhorn-Zentrum-Arch%c3%a4ometrie\/100067599853568\/","article_modified_time":"2024-03-25T11:24:42+00:00","og_image":[{"width":1200,"height":800,"url":"https:\/\/ceza.de\/english\/wp-content\/uploads\/sites\/2\/2023\/11\/fallback-ceza-logo.png","type":"image\/png"}],"twitter_card":"summary_large_image","schema":{"@context":"https:\/\/schema.org","@graph":[{"@type":"WebPage","@id":"https:\/\/ceza.de\/english\/general-terms-and-conditions","url":"https:\/\/ceza.de\/english\/general-terms-and-conditions","name":"General Terms and Conditions - CEZA EN","isPartOf":{"@id":"https:\/\/ceza.de\/english\/#website"},"datePublished":"2023-10-18T09:13:19+00:00","dateModified":"2024-03-25T11:24:42+00:00","description":"The general terms and conditions of Curt-Engelhorn-Zentrum Arch\u00e4ometrie gGmbH, D 6, 3 68159 Mannheim.","breadcrumb":{"@id":"https:\/\/ceza.de\/english\/general-terms-and-conditions#breadcrumb"},"inLanguage":"en-US","potentialAction":[{"@type":"ReadAction","target":["https:\/\/ceza.de\/english\/general-terms-and-conditions"]}]},{"@type":"BreadcrumbList","@id":"https:\/\/ceza.de\/english\/general-terms-and-conditions#breadcrumb","itemListElement":[{"@type":"ListItem","position":1,"name":"Home","item":"https:\/\/ceza.de\/english\/"},{"@type":"ListItem","position":2,"name":"General Terms and Conditions"}]},{"@type":"WebSite","@id":"https:\/\/ceza.de\/english\/#website","url":"https:\/\/ceza.de\/english\/","name":"CEZA EN","description":"With science, high-tech &amp; analysis","potentialAction":[{"@type":"SearchAction","target":{"@type":"EntryPoint","urlTemplate":"https:\/\/ceza.de\/english\/?s={search_term_string}"},"query-input":{"@type":"PropertyValueSpecification","valueRequired":true,"valueName":"search_term_string"}}],"inLanguage":"en-US"}]}},"_links":{"self":[{"href":"https:\/\/ceza.de\/english\/wp-json\/wp\/v2\/pages\/103","targetHints":{"allow":["GET"]}}],"collection":[{"href":"https:\/\/ceza.de\/english\/wp-json\/wp\/v2\/pages"}],"about":[{"href":"https:\/\/ceza.de\/english\/wp-json\/wp\/v2\/types\/page"}],"author":[{"embeddable":true,"href":"https:\/\/ceza.de\/english\/wp-json\/wp\/v2\/users\/1"}],"replies":[{"embeddable":true,"href":"https:\/\/ceza.de\/english\/wp-json\/wp\/v2\/comments?post=103"}],"version-history":[{"count":7,"href":"https:\/\/ceza.de\/english\/wp-json\/wp\/v2\/pages\/103\/revisions"}],"predecessor-version":[{"id":5319,"href":"https:\/\/ceza.de\/english\/wp-json\/wp\/v2\/pages\/103\/revisions\/5319"}],"wp:attachment":[{"href":"https:\/\/ceza.de\/english\/wp-json\/wp\/v2\/media?parent=103"}],"curies":[{"name":"wp","href":"https:\/\/api.w.org\/{rel}","templated":true}]}}